{"id":101,"date":"2017-02-06T09:08:48","date_gmt":"2017-02-06T09:08:48","guid":{"rendered":"http:\/\/cadtekdental.com\/?page_id=101"},"modified":"2017-02-22T14:49:02","modified_gmt":"2017-02-22T14:49:02","slug":"_sobre-nosotros","status":"publish","type":"page","link":"https:\/\/cadtekdental.com\/?page_id=101","title":{"rendered":"_SOBRE NOSOTROS"},"content":{"rendered":"<p><div  class=\"fusion-fullwidth fullwidth-box nonhundred-percent-fullwidth\"  style='background-color: rgba(0,122,36,0);background-position: center center;background-repeat: no-repeat;padding-top:10px;padding-right:0px;padding-bottom:20px;padding-left:0px;'><div class=\"fusion-builder-row fusion-row \"><div  class=\"fusion-layout-column fusion_builder_column fusion_builder_column_2_5  fusion-two-fifth fusion-column-first 2_5\"  style='margin-top:0px;margin-bottom:0px;width:40%;width:calc(40% - ( ( 4% ) * 0.4 ) );margin-right: 4%;'>\n\t\t\t<div class=\"fusion-column-wrapper\" style=\"padding: 0px 0px 0px 0px;background-position:left top;background-repeat:no-repeat;-webkit-background-size:cover;-moz-background-size:cover;-o-background-size:cover;background-size:cover;\"  data-bg-url=\"\">\n\t\t\t\t<div class=\"fusion-column-content-centered\"><div class=\"fusion-column-content\"><span class=\"fusion-imageframe imageframe-none imageframe-1 hover-type-none\"><img loading=\"lazy\" src=\"http:\/\/cadtekdental.com\/wp-content\/uploads\/2017\/02\/foto-tecnologia-1.jpg\" width=\"610\" height=\"325\" alt=\"\" title=\"foto tecnologia\" class=\"img-responsive wp-image-190\" srcset=\"https:\/\/cadtekdental.com\/wp-content\/uploads\/2017\/02\/foto-tecnologia-1-200x107.jpg 200w, https:\/\/cadtekdental.com\/wp-content\/uploads\/2017\/02\/foto-tecnologia-1-400x213.jpg 400w, https:\/\/cadtekdental.com\/wp-content\/uploads\/2017\/02\/foto-tecnologia-1-600x320.jpg 600w, https:\/\/cadtekdental.com\/wp-content\/uploads\/2017\/02\/foto-tecnologia-1.jpg 610w\" sizes=\"(max-width: 800px) 100vw, 1000px\" \/><\/span><\/div><\/div><div class=\"fusion-clearfix\"><\/div>\n\n\t\t\t<\/div>\n\t\t<\/div><div  class=\"fusion-layout-column fusion_builder_column fusion_builder_column_3_5  fusion-three-fifth fusion-column-last 3_5\"  style='margin-top:0px;margin-bottom:0px;width:60%;width:calc(60% - ( ( 4% ) * 0.6 ) );'>\n\t\t\t<div class=\"fusion-column-wrapper\" style=\"padding: 140px 0px 140pz 0px;background-position:center top;background-repeat:no-repeat;-webkit-background-size:cover;-moz-background-size:cover;-o-background-size:cover;background-size:cover;\"  data-bg-url=\"\">\n\t\t\t\t<h3><strong>Cadtek Laboratorio Dental<\/strong>, es un proveedor de productos dentales que desarrolla su labor en la ciudad de Vigo siendo un referente de calidad de su productos y en los servicios que presta a sus clientes. A\u00f1o tras a\u00f1o hemos\u00a0ido creciendo a medida que la evoluci\u00f3n tecnol\u00f3gica e investigaciones en el campo de la Sector Dental lo han permitido. De \u00e9sta manera podemos ofrecer a nuestros clientes diferentes formas de cubrir las expectativas de su pacientes de forma satisfactoria.<\/h3>\n<h3 style=\"text-align: left;\">Nuestro objetivo es el de mejorar continuamente implementando en nuestros protocolos de trabajo los sistemas de producci\u00f3n m\u00e1s eficaces.<\/h3>\n<div class=\"fusion-clearfix\"><\/div>\n\n\t\t\t<\/div>\n\t\t<\/div><\/div><\/div><div  class=\"fusion-fullwidth fullwidth-box nonhundred-percent-fullwidth\"  style='background-color: rgba(255,255,255,0);background-position: center center;background-repeat: no-repeat;padding-top:20px;padding-right:0px;padding-bottom:20px;padding-left:0px;'><div class=\"fusion-builder-row fusion-row \"><div id=\"ancla_tecnologia\" class=\"fusion-layout-column fusion_builder_column fusion_builder_column_1_1  fusion-one-full fusion-column-first fusion-column-last 1_1\"  style='margin-top:0px;margin-bottom:0px;'>\n\t\t\t<div class=\"fusion-column-wrapper\" style=\"padding: 10px 0px 0px 0px;background-position:left top;background-repeat:no-repeat;-webkit-background-size:cover;-moz-background-size:cover;-o-background-size:cover;background-size:cover;\"  data-bg-url=\"\">\n\t\t\t\t<div class=\"fusion-title title fusion-title-center fusion-title-size-one\" style=\"margin-top:0px;margin-bottom:31px;\"><div class=\"title-sep-container title-sep-container-left\"><div class=\"title-sep sep-single sep-solid\" style=\"border-color:#000000;\"><\/div><\/div><h1 class=\"title-heading-center\">TECNOLOG\u00cdA<\/h1><div class=\"title-sep-container title-sep-container-right\"><div class=\"title-sep sep-single sep-solid\" style=\"border-color:#000000;\"><\/div><\/div><\/div><div class=\"fusion-clearfix\"><\/div>\n\n\t\t\t<\/div>\n\t\t<\/div><div  class=\"fusion-layout-column fusion_builder_column fusion_builder_column_1_1  fusion-one-full fusion-column-first fusion-column-last 1_1\"  style='margin-top:0px;margin-bottom:0px;'>\n\t\t\t<div class=\"fusion-column-wrapper\" style=\"padding: 22px 0px 0px 0px;background-position:left top;background-repeat:no-repeat;-webkit-background-size:cover;-moz-background-size:cover;-o-background-size:cover;background-size:cover;\"  data-bg-url=\"\">\n\t\t\t\t<h3>Con el prop\u00f3sito fundamental de conseguir un mayor grado de sencillez, eficacia y exactitud en el desarrollo de productos dentales, en Cadtek Laboratorio Dental incorporamos las \u00faltimas tecnolog\u00edas en cualquiera de nuestras pr\u00f3tesis.<\/h3>\n<h3>Contando con los servicios tecnol\u00f3gicos de mayor prestigio a nivel mundial para ofrecer todo un mundo de posibilidades con la mayor calidad. Ya que tanto la satisfacci\u00f3n de nuestros clientes como del paciente final son parte de nuestro cometido d\u00eda a d\u00eda.<\/h3>\n<div class=\"fusion-clearfix\"><\/div>\n\n\t\t\t<\/div>\n\t\t<\/div><div  class=\"fusion-layout-column fusion_builder_column fusion_builder_column_1_1  fusion-one-full fusion-column-first fusion-column-last 1_1\"  style='margin-top:0px;margin-bottom:0px;'>\n\t\t\t<div class=\"fusion-column-wrapper\" style=\"padding: 10px 0px 0px 0px;background-position:left top;background-repeat:no-repeat;-webkit-background-size:cover;-moz-background-size:cover;-o-background-size:cover;background-size:cover;\"  data-bg-url=\"\">\n\t\t\t\t<h1 style=\"text-align: center;\">\u00daLTIMOS <span style=\"color: #256d7d;\">SERVICIOS TECNOL\u00d3GICOS<\/span> <span style=\"color: #808080;\">A NIVEL MUNDIAL<\/span><\/h1>\n<div class=\"fusion-clearfix\"><\/div>\n\n\t\t\t<\/div>\n\t\t<\/div><div  class=\"fusion-layout-column fusion_builder_column fusion_builder_column_1_1  fusion-one-full fusion-column-first fusion-column-last 1_1\"  style='margin-top:0px;margin-bottom:0px;'>\n\t\t\t<div class=\"fusion-column-wrapper\" style=\"padding: 70px 30px 70px 30px;background-image: url('http:\/\/cadtekdental.com\/wp-content\/uploads\/2017\/02\/CARESTREAM.jpg');background-position:center top;background-repeat:no-repeat;-webkit-background-size:cover;-moz-background-size:cover;-o-background-size:cover;background-size:cover;\"  data-bg-url=\"http:\/\/cadtekdental.com\/wp-content\/uploads\/2017\/02\/CARESTREAM.jpg\">\n\t\t\t\t<h2 style=\"text-align: center;\"><span style=\"color: #438294;\">Escaner\u00a0Intraoral<\/span><\/h2>\n<h3><span style=\"color: #000000;\">El <strong>esc\u00e1ner intraoral <\/strong>, nos permite \u201ctomar medidas\u201d de la boca del paciente <strong>sin la necesidad de poner ninguna pasta en la boca<\/strong>, con la comodidad que supone esto para el paciente, especialmente para aquellos que la toma de impresiones convencional les produce nauseas o sensaci\u00f3n de ahogo.<\/span><\/h3>\n<h3><span style=\"color: #000000;\">Las impresiones digitales, otra de las ventajas que presentan para los pacientes, podemos\u00a0comprobar la validez de la impresi\u00f3n en el mismo momento de tomarla, sin esperar a ver su positivado y la posibilidad de alg\u00fan problema durante su confecci\u00f3n,\u00a0 por lo que <strong>la repetici\u00f3n de impresiones es casi nula<\/strong>, evitando al paciente tener que desplazarse nuevamente para la repetici\u00f3n de las mismas.<\/span><\/h3>\n<h3><span style=\"color: #000000;\">Adem\u00e1s, el uso del esc\u00e1ner intraoral permite la <strong>confecci\u00f3n de aparatolog\u00eda individualizada<\/strong>, como en diversos casos de manera m\u00e1s r\u00e1pida, ya que en este caso, los modelos del paciente no son enviados mediante correo ordinario, sino que nos permiten enviar las medidas del paciente a Cadtek\u00a0Laboratorio Dental donde se confecciona la aparatolog\u00eda mediante internet, recibiendo \u00e9stos los modelos de manera casi instant\u00e1nea, pudi\u00e9ndose as\u00ed comenzar el tratamiento sin esperar periodos de tiempo tan largos.<\/span><\/h3>\n<h2 style=\"text-align: center;\"><span style=\"color: #137880;\"><span style=\"color: #438294;\">Cad\/Cam<\/span> <\/span>Dental<\/h2>\n<h3 style=\"text-align: center;\"><span style=\"color: #000000;\">Proceso de alta tecnolog\u00eda asistido por ordenador. Sistema destinado a trabajar con los materiales de pr\u00f3tesis dentales m\u00e1s innovadores para los que son imprescindibles el empleo de una tecnolog\u00eda moderna. Nuestros proveedores nos\u00a0ofrecen una amplia gama de estructuras dentales basadas en la tecnolog\u00eda Cad\/Cam. Dise\u00f1ar cofias y puentes nunca ha sido tan f\u00e1cil: El programa inform\u00e1tico trabaja con algoritmos de nueva generaci\u00f3n que detectan autom\u00e1ticamente el margen con la m\u00e1xima precisi\u00f3n. Las nuevas funciones de modelado anat\u00f3mico son, al mismo tiempo, flexibles y pr\u00e1cticas, porque permiten, por ejemplo, dividir el puente en varias partes y elaborar un estudio personalizado para cada elemento. Cuando el modelado llega a la fase de producci\u00f3n se procesa con m\u00e1quinas industriales de precisi\u00f3n que consiguen garantizar espesores muy reducidos en la zona de margen, lo cual hace que el producto sea \u00fanico en el mercado y f\u00e1cilmente utilizable desde el punto de vista est\u00e9tico, aprovechando todas las funciones de control previstas por el sistema.<\/span><\/h3>\n<h2 style=\"text-align: center;\"><span style=\"color: #137880;\"><span style=\"color: #438294;\">Impresora<\/span>\u00a03D<\/span><\/h2>\n<h3><span style=\"color: #000000;\">La impresi\u00f3n 3D traslada la eficiencia del dise\u00f1o digital a la fase de producci\u00f3n. Al combinar el escaneado oral, el dise\u00f1o CAD\/CAM y la impresi\u00f3n 3D, los laboratorios dentales pueden producir con precisi\u00f3n y rapidez coronas, puentes, modelos cer\u00e1micos y toda una gama de aplicaciones para ortodoncia.<\/span><\/h3>\n<h3><span style=\"color: #000000;\">Con una impresora 3D encargada del trabajo duro, nuestro laboratorio dental ha superado el obst\u00e1culo del modelado manual y ha permitido el crecimiento de nuestro negocio. Hoy en d\u00eda\u00a0podemos realizar parte de nuestro trabajo\u00a0 de manera digital y autom\u00e1tica, desde la planificaci\u00f3n a la restauraci\u00f3n terminada, el futuro ya est\u00e1 aqu\u00ed.<\/span><\/h3>\n<h3><\/h3>\n<div class=\"fusion-clearfix\"><\/div>\n\n\t\t\t<\/div>\n\t\t<\/div><\/div><\/div><div  class=\"fusion-fullwidth fullwidth-box nonhundred-percent-fullwidth\"  style='background-color: rgba(237,237,237,0.64);background-position: center center;background-repeat: no-repeat;padding-top:10px;padding-right:0px;padding-bottom:10px;padding-left:0px;'><div class=\"fusion-builder-row fusion-row \"><div id=\"ancla_nuestroequipo\" class=\"fusion-layout-column fusion_builder_column fusion_builder_column_1_1  fusion-one-full fusion-column-first fusion-column-last 1_1\"  style='margin-top:0px;margin-bottom:0px;'>\n\t\t\t<div class=\"fusion-column-wrapper\" style=\"padding: 10px 0px 0px 0px;background-position:left top;background-repeat:no-repeat;-webkit-background-size:cover;-moz-background-size:cover;-o-background-size:cover;background-size:cover;\"  data-bg-url=\"\">\n\t\t\t\t<div class=\"fusion-title title fusion-title-center fusion-title-size-one\" style=\"margin-top:0px;margin-bottom:31px;\"><div class=\"title-sep-container title-sep-container-left\"><div class=\"title-sep sep-single sep-solid\" style=\"border-color:#000000;\"><\/div><\/div><h1 class=\"title-heading-center\">NUESTRO EQUIPO<\/h1><div class=\"title-sep-container title-sep-container-right\"><div class=\"title-sep sep-single sep-solid\" style=\"border-color:#000000;\"><\/div><\/div><\/div><div class=\"fusion-clearfix\"><\/div>\n\n\t\t\t<\/div>\n\t\t<\/div><div  class=\"fusion-layout-column fusion_builder_column fusion_builder_column_1_1  fusion-one-full fusion-column-first fusion-column-last 1_1\"  style='margin-top:0px;margin-bottom:0px;'>\n\t\t\t<div class=\"fusion-column-wrapper\" style=\"padding: 22px 0px 0px 0px;background-position:left top;background-repeat:no-repeat;-webkit-background-size:cover;-moz-background-size:cover;-o-background-size:cover;background-size:cover;\"  data-bg-url=\"\">\n\t\t\t\t<h2 style=\"text-align: center;\">EN CADTEK LABORATORIO DENTAL <span style=\"color: #157582;\">CONTAMOS CON UN EQUIPO DE PROFESIONALES ALTAMENTE CUALIFICADO<\/span>, QUE APORTAN TODO EL CONOCIMIENTO REQUERIDO PARA LA ELABORACI\u00d3N DEL TRABAJO DIARIO.<\/h2>\n<div class=\"fusion-clearfix\"><\/div>\n\n\t\t\t<\/div>\n\t\t<\/div><div  class=\"fusion-layout-column fusion_builder_column fusion_builder_column_1_1  fusion-one-full fusion-column-first fusion-column-last 1_1\"  style='margin-top:0px;margin-bottom:0px;'>\n\t\t\t<div class=\"fusion-column-wrapper\" style=\"padding: 0px 0px 20px 0px;background-position:left top;background-repeat:no-repeat;-webkit-background-size:cover;-moz-background-size:cover;-o-background-size:cover;background-size:cover;\"  data-bg-url=\"\">\n\t\t\t\t<h3 style=\"text-align: center;\">Somos conscientes de las exigencias tanto funcionales como est\u00e9ticas que numerosos pacientes demandan para su salud bucodental, nuestro equipo de profesionales est\u00e1n altamente cualificados para el desarrollo de pr\u00f3tesis dentales. Dentro de nuestra labor en el \u00e1mbito odontol\u00f3gico y de Cirug\u00eda M\u00e1xilofacial, nuestras \u00e1reas est\u00e1n divididas en:<\/h3>\n<div class=\"fusion-clearfix\"><\/div>\n\n\t\t\t<\/div>\n\t\t<\/div><div  class=\"fusion-layout-column fusion_builder_column fusion_builder_column_1_1  fusion-one-full fusion-column-first fusion-column-last 1_1\"  style='margin-top:0px;margin-bottom:0px;'>\n\t\t\t<div class=\"fusion-column-wrapper\" style=\"background-position:left top;background-repeat:no-repeat;-webkit-background-size:cover;-moz-background-size:cover;-o-background-size:cover;background-size:cover;\"  data-bg-url=\"\">\n\t\t\t\t<div class=\"fusion-content-boxes content-boxes columns row fusion-columns-3 fusion-columns-total-6 fusion-content-boxes-1 content-boxes-icon-boxed content-left\" data-animationOffset=\"100%\" style=\"margin-top:12px;margin-bottom:60px;\"><style type=\"text\/css\" scoped=\"scoped\">.fusion-content-boxes-1 .heading h2{color:#666666;}\n\t\t\t.fusion-content-boxes-1 .fusion-content-box-hover .link-area-link-icon-hover .heading h2,\n\t\t\t.fusion-content-boxes-1 .fusion-content-box-hover .link-area-link-icon-hover .heading .heading-link h2,\n\t\t\t.fusion-content-boxes-1 .fusion-content-box-hover .link-area-box-hover .heading h2,\n\t\t\t.fusion-content-boxes-1 .fusion-content-box-hover .link-area-box-hover .heading .heading-link h2,\n\t\t\t.fusion-content-boxes-1 .fusion-content-box-hover .link-area-link-icon-hover.link-area-box .fusion-read-more,\n\t\t\t.fusion-content-boxes-1 .fusion-content-box-hover .link-area-link-icon-hover.link-area-box .fusion-read-more::after,\n\t\t\t.fusion-content-boxes-1 .fusion-content-box-hover .link-area-link-icon-hover.link-area-box .fusion-read-more::before,\n\t\t\t.fusion-content-boxes-1 .fusion-content-box-hover .fusion-read-more:hover:after,\n\t\t\t.fusion-content-boxes-1 .fusion-content-box-hover .fusion-read-more:hover:before,\n\t\t\t.fusion-content-boxes-1 .fusion-content-box-hover .fusion-read-more:hover,\n\t\t\t.fusion-content-boxes-1 .fusion-content-box-hover .link-area-box-hover.link-area-box .fusion-read-more,\n\t\t\t.fusion-content-boxes-1 .fusion-content-box-hover .link-area-box-hover.link-area-box .fusion-read-more::after,\n\t\t\t.fusion-content-boxes-1 .fusion-content-box-hover .link-area-box-hover.link-area-box .fusion-read-more::before,\n\t\t\t.fusion-content-boxes-1 .fusion-content-box-hover .link-area-link-icon-hover .icon .circle-no,\n\t\t\t.fusion-content-boxes-1 .fusion-content-box-hover .link-area-box-hover .icon .circle-no {\n\t\t\t\tcolor: #142135 !important;\n\t\t\t}\n\t\t\t.fusion-content-boxes-1 .fusion-content-box-hover .heading-link:hover .icon i.circle-yes,\n\t\t\t.fusion-content-boxes-1 .fusion-content-box-hover .link-area-box:hover .heading-link .icon i.circle-yes,\n\t\t\t.fusion-content-boxes-1 .fusion-content-box-hover .link-area-link-icon-hover .heading .icon i.circle-yes,\n\t\t\t.fusion-content-boxes-1 .fusion-content-box-hover .link-area-box-hover .heading .icon i.circle-yes {\n\t\t\t\tbackground-color: #142135 !important;\n\t\t\t\tborder-color: #142135 !important;\n\t\t\t}<\/style><div class=\"fusion-column content-box-column content-box-column content-box-column-1 col-lg-4 col-md-4 col-sm-4 fusion-content-box-hover  content-box-column-first-in-row\"><div class=\"col content-wrapper-background content-wrapper-boxed link-area-link-icon icon-hover-animation-fade\" style=\"background-color:rgba(75,117,140,0.39);\"><div class=\"heading heading-with-icon icon-left\"><div class=\"icon\"><i style=\"border-color:#333333;border-width:0px;background-color:#4b758c;height:72px;width:72px;line-height:72px;top:-86px;margin-left:-36px;border-radius:50%;color:#ffffff;font-size:36px;\" class=\"fa fontawesome-icon fa-street-view circle-yes\"><\/i><\/div><h2 class=\"content-box-heading\" style=\"font-size:26px;line-height:31px;\">Recepci\u00f3n<\/h2><\/div><div class=\"fusion-clearfix\"><\/div><div class=\"content-container\" style=\"color:#747474;\">\n<p><span style=\"color: #000000;\">Desde el primer contacto con el<strong> laboratorio prot\u00e9sico dental<\/strong>, buscamos un trato tanto personal como profesional con nuestros clientes.<\/span><\/p>\n<\/div><\/div><\/div><div class=\"fusion-column content-box-column content-box-column content-box-column-2 col-lg-4 col-md-4 col-sm-4 fusion-content-box-hover \"><div class=\"col content-wrapper-background content-wrapper-boxed link-area-link-icon icon-hover-animation-fade\" style=\"background-color:rgba(75,117,140,0.39);\"><div class=\"heading heading-with-icon icon-left\"><div class=\"icon\"><i style=\"border-color:#333333;border-width:0px;background-color:#4b758c;height:72px;width:72px;line-height:72px;top:-86px;margin-left:-36px;border-radius:50%;color:#ffffff;font-size:36px;\" class=\"fa fontawesome-icon fa-list-alt circle-yes\"><\/i><\/div><h2 class=\"content-box-heading\" style=\"font-size:26px;line-height:31px;\">Administraci\u00f3n<\/h2><\/div><div class=\"fusion-clearfix\"><\/div><div class=\"content-container\" style=\"color:#747474;\">\n<p><span style=\"color: #000000;\">En\u00a0<strong>Cadtek Laboratorio\u00a0Dental\u00a0nuestro<\/strong>\u00a0fin fundamental obtener el\u00a0<b>m\u00e1ximo beneficio<\/b>\u00a0posible, en todas las partes implicadas, gracias a la labor de los responsables de la administraci\u00f3n.<\/span><\/p>\n<\/div><\/div><\/div><div class=\"fusion-column content-box-column content-box-column content-box-column-3 col-lg-4 col-md-4 col-sm-4 fusion-content-box-hover  content-box-column-last-in-row\"><div class=\"col content-wrapper-background content-wrapper-boxed link-area-link-icon icon-hover-animation-fade\" style=\"background-color:rgba(75,117,140,0.39);\"><div class=\"heading heading-with-icon icon-left\"><div class=\"icon\"><i style=\"border-color:#333333;border-width:0px;background-color:#4b758c;height:72px;width:72px;line-height:72px;top:-86px;margin-left:-36px;border-radius:50%;color:#ffffff;font-size:36px;\" class=\"fa fontawesome-icon fa-television circle-yes\"><\/i><\/div><h2 class=\"content-box-heading\" style=\"font-size:26px;line-height:31px;\">Cad\/Cam<\/h2><\/div><div class=\"fusion-clearfix\"><\/div><div class=\"content-container\" style=\"color:#747474;\">\n<p><span style=\"color: #000000;\"><b>Sistema tecnol\u00f3gico<\/b>\u00a0que permite el dise\u00f1o y la elaboraci\u00f3n de\u00a0<b>pr\u00f3tesis dentales<\/b>\u00a0por ordenador. Mediante esta\u00a0<b>tecnolog\u00eda digital<\/b>\u00a0estamos en condiciones de dise\u00f1ar y fabricar rehabilitaciones en\u00a0<b>odontolog\u00eda<\/b>\u00a0extremadamente\u00a0<b>precisas<\/b>\u00a0y de la m\u00e1s\u00a0<b>alta calidad<\/b>.\u00a0<\/span><\/p>\n<\/div><\/div><\/div><div class=\"fusion-clearfix\"><\/div><div class=\"fusion-column content-box-column content-box-column content-box-column-4 col-lg-4 col-md-4 col-sm-4 fusion-content-box-hover  content-box-column-first-in-row\"><div class=\"col content-wrapper-background content-wrapper-boxed link-area-link-icon icon-hover-animation-fade\" style=\"background-color:rgba(75,117,140,0.39);\"><div class=\"heading heading-with-icon icon-left\"><div class=\"icon\"><i style=\"border-color:#333333;border-width:0px;background-color:#4b758c;height:72px;width:72px;line-height:72px;top:-86px;margin-left:-36px;border-radius:50%;color:#ffffff;font-size:36px;\" class=\"fa fontawesome-icon fa-code-fork circle-yes\"><\/i><\/div><h2 class=\"content-box-heading\" style=\"font-size:26px;line-height:31px;\">Estructuras<\/h2><\/div><div class=\"fusion-clearfix\"><\/div><div class=\"content-container\" style=\"color:#747474;\">\n<p><span style=\"color: #000000;\">\u00c1mbito de trabajo centrado en\u00a0<b>artesanos prot\u00e9sicos<\/b>\u00a0que fabrican las estructuras exigidas, cumpliendo estrictamente con los protocolos y normativas aplicables en el sector.<\/span><\/p>\n<\/div><\/div><\/div><div class=\"fusion-column content-box-column content-box-column content-box-column-5 col-lg-4 col-md-4 col-sm-4 fusion-content-box-hover \"><div class=\"col content-wrapper-background content-wrapper-boxed link-area-link-icon icon-hover-animation-fade\" style=\"background-color:rgba(75,117,140,0.39);\"><div class=\"heading heading-with-icon icon-left\"><div class=\"icon\"><i style=\"border-color:#333333;border-width:0px;background-color:#4b758c;height:72px;width:72px;line-height:72px;top:-86px;margin-left:-36px;border-radius:50%;color:#ffffff;font-size:36px;\" class=\"fa fontawesome-icon fa-spinner circle-yes\"><\/i><\/div><h2 class=\"content-box-heading\" style=\"font-size:26px;line-height:31px;\">Cer\u00e1mica<\/h2><\/div><div class=\"fusion-clearfix\"><\/div><div class=\"content-container\" style=\"color:#747474;\">\n<p><span style=\"color: #000000;\">\u00c1rea profesional que se dedica a la\u00a0<b>restauraci\u00f3n de cer\u00e1micas<\/b>\u00a0cuyos cometidos buscan un cierto equilibrio entre factores est\u00e9ticos, biol\u00f3gicos, mec\u00e1nicos y funcionales.<\/span><\/p>\n<\/div><\/div><\/div><div class=\"fusion-column content-box-column content-box-column content-box-column-6 col-lg-4 col-md-4 col-sm-4 fusion-content-box-hover  content-box-column-last content-box-column-last-in-row\"><div class=\"col content-wrapper-background content-wrapper-boxed link-area-link-icon icon-hover-animation-fade\" style=\"background-color:rgba(75,117,140,0.39);\"><div class=\"heading heading-with-icon icon-left\"><div class=\"icon\"><i style=\"border-color:#333333;border-width:0px;background-color:#4b758c;height:72px;width:72px;line-height:72px;top:-86px;margin-left:-36px;border-radius:50%;color:#ffffff;font-size:36px;\" class=\"fa fontawesome-icon fa-reply circle-yes\"><\/i><\/div><h2 class=\"content-box-heading\" style=\"font-size:26px;line-height:31px;\">Removible<\/h2><\/div><div class=\"fusion-clearfix\"><\/div><div class=\"content-container\" style=\"color:#747474;\">\n<p><span style=\"color: #000000;\">\u00a0En\u00a0Cadtek Laboratorio<b>\u00a0Dental<\/b>\u00a0trabajamos con pr\u00f3tesis removibles met\u00e1lica, pr\u00f3tesis removibles de resina y f\u00e9rulas dentales.\u00a0<\/span><\/p>\n<\/div><\/div><\/div><div class=\"fusion-clearfix\"><\/div><div class=\"fusion-clearfix\"><\/div><\/div><div class=\"fusion-clearfix\"><\/div>\n\n\t\t\t<\/div>\n\t\t<\/div><\/div><\/div><\/p>\n","protected":false},"excerpt":{"rendered":"","protected":false},"author":2,"featured_media":0,"parent":0,"menu_order":0,"comment_status":"closed","ping_status":"closed","template":"100-width.php","meta":[],"_links":{"self":[{"href":"https:\/\/cadtekdental.com\/index.php?rest_route=\/wp\/v2\/pages\/101"}],"collection":[{"href":"https:\/\/cadtekdental.com\/index.php?rest_route=\/wp\/v2\/pages"}],"about":[{"href":"https:\/\/cadtekdental.com\/index.php?rest_route=\/wp\/v2\/types\/page"}],"author":[{"embeddable":true,"href":"https:\/\/cadtekdental.com\/index.php?rest_route=\/wp\/v2\/users\/2"}],"replies":[{"embeddable":true,"href":"https:\/\/cadtekdental.com\/index.php?rest_route=%2Fwp%2Fv2%2Fcomments&post=101"}],"version-history":[{"count":65,"href":"https:\/\/cadtekdental.com\/index.php?rest_route=\/wp\/v2\/pages\/101\/revisions"}],"predecessor-version":[{"id":611,"href":"https:\/\/cadtekdental.com\/index.php?rest_route=\/wp\/v2\/pages\/101\/revisions\/611"}],"wp:attachment":[{"href":"https:\/\/cadtekdental.com\/index.php?rest_route=%2Fwp%2Fv2%2Fmedia&parent=101"}],"curies":[{"name":"wp","href":"https:\/\/api.w.org\/{rel}","templated":true}]}}