{"id":19,"date":"2017-02-02T16:14:16","date_gmt":"2017-02-02T16:14:16","guid":{"rendered":"http:\/\/cadtekdental.com\/?page_id=19"},"modified":"2017-02-23T09:34:23","modified_gmt":"2017-02-23T09:34:23","slug":"inicio","status":"publish","type":"page","link":"https:\/\/cadtekdental.com\/","title":{"rendered":"Inicio"},"content":{"rendered":"<p><div  class=\"fusion-fullwidth fullwidth-box fusion-parallax-none hundred-percent-fullwidth\"  style='background-color: rgba(255,255,255,0);background-image: url(\"http:\/\/cadtekdental.com\/wp-content\/uploads\/2017\/02\/Sin-t\u00edtulo-10.jpg\");background-position: center center;background-repeat: no-repeat;padding-top:0px;padding-right:0px;padding-bottom:0px;padding-left:0px;margin-bottom: 20px;margin-top: 20px;-webkit-background-size:cover;-moz-background-size:cover;-o-background-size:cover;background-size:cover;background-attachment:none;'><div class=\"fusion-builder-row fusion-row \"><div  class=\"fusion-layout-column fusion_builder_column fusion_builder_column_2_5  fusion-two-fifth fusion-column-first fusion-column-no-min-height 2_5\"  style='margin-top:0px;margin-bottom:0px;width:40%;width:calc(40% - ( ( 4% ) * 0.4 ) );margin-right: 4%;'>\n\t\t\t<div class=\"fusion-column-wrapper\" style=\"padding: 80px 0px 100px 0px;background-position:left top;background-repeat:no-repeat;-webkit-background-size:cover;-moz-background-size:cover;-o-background-size:cover;background-size:cover;\"  data-bg-url=\"\">\n\t\t\t\t<h4 style=\"text-align: left; padding-left: 60px;\"><span style=\"color: #4c90a8;\"><span style=\"color: #83cbe6;\">PRECISI\u00d3N Y FIABILIDAD<\/span> <span style=\"color: #ffffff;\">CON EL SISTEMA DE CAD\/CAM DENTAL\u00a0<\/span><\/span><span style=\"color: #ffffff;\">\u00a0\u00ab\u00c9XITO ASEGURADO\u00bb<\/span><\/h4>\n<div class=\"fusion-clearfix\"><\/div>\n\n\t\t\t<\/div>\n\t\t<\/div><div  class=\"fusion-layout-column fusion_builder_column fusion_builder_column_3_5  fusion-three-fifth fusion-column-last 3_5\"  style='margin-top:0px;margin-bottom:0px;width:60%;width:calc(60% - ( ( 4% ) * 0.6 ) );'>\n\t\t\t<div class=\"fusion-column-wrapper\" style=\"background-position:left top;background-repeat:no-repeat;-webkit-background-size:cover;-moz-background-size:cover;-o-background-size:cover;background-size:cover;\"  data-bg-url=\"\">\n\t\t\t\t<div class=\"fusion-clearfix\"><\/div>\n\n\t\t\t<\/div>\n\t\t<\/div><\/div><\/div><div  class=\"fusion-fullwidth fullwidth-box hundred-percent-fullwidth fusion-no-small-visibility fusion-no-medium-visibility\"  style='background-color: rgba(244,67,54,0);background-position: center center;background-repeat: no-repeat;padding-top:12px;padding-right:0px;padding-left:0px;'><div class=\"fusion-builder-row fusion-row \"><div  class=\"fusion-layout-column fusion_builder_column fusion_builder_column_1_1  fusion-one-full fusion-column-first fusion-column-last fusion-no-small-visibility fusion-no-medium-visibility 1_1\"  style='margin-top:0px;margin-bottom:0px;'>\n\t\t\t<div class=\"fusion-column-wrapper\" style=\"padding: 0X 0px 0px 0px;background-position:left top;background-repeat:no-repeat;-webkit-background-size:cover;-moz-background-size:cover;-o-background-size:cover;background-size:cover;\"  data-bg-url=\"\">\n\t\t\t\t<div class=\"fusion-clearfix\"><\/div>\n\n\t\t\t<\/div>\n\t\t<\/div><\/div><\/div><div  class=\"fusion-fullwidth fullwidth-box nonhundred-percent-fullwidth\"  style='background-color: rgba(22,170,103,0);background-position: center center;background-repeat: no-repeat;padding-top:20px;padding-right:0px;padding-bottom:20px;padding-left:0px;'><div class=\"fusion-builder-row fusion-row \"><div  class=\"fusion-layout-column fusion_builder_column fusion_builder_column_1_1  fusion-one-full fusion-column-first fusion-column-last 1_1\"  style='margin-top:0px;margin-bottom:0px;'>\n\t\t\t<div class=\"fusion-column-wrapper\" style=\"padding: 10px 0px 0px 0px;background-position:left top;background-repeat:no-repeat;-webkit-background-size:cover;-moz-background-size:cover;-o-background-size:cover;background-size:cover;\"  data-bg-url=\"\">\n\t\t\t\t<div class=\"fusion-title title fusion-title-center fusion-title-size-one\" style=\"margin-top:0px;margin-bottom:31px;\"><div class=\"title-sep-container title-sep-container-left\"><div class=\"title-sep sep-single sep-solid\"><\/div><\/div><h1 class=\"title-heading-center\"><p style=\"text-align: left;\">FILOSOF\u00cdA DE TRABAJO<\/p><\/h1><div class=\"title-sep-container title-sep-container-right\"><div class=\"title-sep sep-single sep-solid\"><\/div><\/div><\/div><h2 style=\"text-align: center;\"><span style=\"color: #4c90a8;\">LA SATISFACCI\u00d3N <\/span><span style=\"color: #666060;\">DE NUESTRO CLIENTE COMO DEL PACIENTE FINAL\u00a0SON PARTE DE NUESTRO<\/span><span style=\"color: #4c90a8;\"> COMETIDO D\u00cdA A D\u00cdA<\/span><\/h2>\n<div class=\"fusion-clearfix\"><\/div>\n\n\t\t\t<\/div>\n\t\t<\/div><div  class=\"fusion-layout-column fusion_builder_column fusion_builder_column_1_1  fusion-one-full fusion-column-first fusion-column-last 1_1\"  style='margin-top:0px;margin-bottom:0px;'>\n\t\t\t<div class=\"fusion-column-wrapper\" style=\"padding: 0px 0px 0px 0px;background-position:left top;background-repeat:no-repeat;-webkit-background-size:cover;-moz-background-size:cover;-o-background-size:cover;background-size:cover;\"  data-bg-url=\"\">\n\t\t\t\t<h3 style=\"text-align: center;\">Somos un centro t\u00e9cnico dental dedicado a la elaboraci\u00f3n de todo tipo de pr\u00f3tesis dentales. Desde <strong>Cadtek Laboratorio Dental<\/strong>, nos esforzamos en desarrollar las t\u00e9cnicas m\u00e1s innovadoras a nivel mundial para que nuestros clientes puedan ofrecer a sus pacientes la mayor calidad a precios muy competitivos. Utilizando los sistemas m\u00e1s avanzados de dise\u00f1o y producci\u00f3n CAD\/CAM elaboramos con estructruas internas todo tipo de rehabilitaciones. Los sistemas CAD\/CAM nos permiten elaborar, combinando diferentes materiales y t\u00e9cnicas como el fresado y la sinterizaci\u00f3n, innovadoras soluciones de alta precisi\u00f3n y ajuste para rehabilitaciones dentales. Nuestro sistema de producci\u00f3n permiten garantizar los productos que fabricamos para mayor \u00a0tranquilidad de sus pacientes. Siempre trabajando con las \u00faltimas tecnolog\u00edas en el sector dental, <span style=\"color: #197280;\">ofrecemos\u00a0al odont\u00f3logo un servicio especializado y de alta calidad.<\/span><\/h3>\n<div class=\"fusion-clearfix\"><\/div>\n\n\t\t\t<\/div>\n\t\t<\/div><div  class=\"fusion-layout-column fusion_builder_column fusion_builder_column_1_1  fusion-one-full fusion-column-first fusion-column-last 1_1\"  style='margin-top:0px;margin-bottom:0px;'>\n\t\t\t<div class=\"fusion-column-wrapper\" style=\"background-position:left top;background-repeat:no-repeat;-webkit-background-size:cover;-moz-background-size:cover;-o-background-size:cover;background-size:cover;\"  data-bg-url=\"\">\n\t\t\t\t<div class=\"fusion-title title fusion-title-size-one\" style=\"margin-top:0px;margin-bottom:31px;\"><h1 class=\"title-heading-left\"><\/h1><div class=\"title-sep-container\"><div class=\"title-sep sep-double\"><\/div><\/div><\/div><div class=\"fusion-clearfix\"><\/div>\n\n\t\t\t<\/div>\n\t\t<\/div><\/div><\/div><div  class=\"fusion-fullwidth fullwidth-box nonhundred-percent-fullwidth\"  style='background-color: rgba(255,255,255,0);background-position: center center;background-repeat: no-repeat;padding-top:20px;padding-right:0px;padding-bottom:20px;padding-left:0px;'><div class=\"fusion-builder-row fusion-row \"><div  class=\"fusion-layout-column fusion_builder_column fusion_builder_column_1_1  fusion-one-full fusion-column-first fusion-column-last 1_1\"  style='margin-top:0px;margin-bottom:0px;'>\n\t\t\t<div class=\"fusion-column-wrapper\" style=\"background-position:left top;background-repeat:no-repeat;-webkit-background-size:cover;-moz-background-size:cover;-o-background-size:cover;background-size:cover;\"  data-bg-url=\"\">\n\t\t\t\t<div class=\"fusion-content-boxes content-boxes columns row fusion-columns-3 fusion-columns-total-3 fusion-content-boxes-1 content-boxes-timeline-horizontal content-left content-boxes-icon-on-top fusion-delayed-animation\" data-animation-delay=\"350\" data-animationOffset=\"100%\" style=\"margin-top:0px;margin-bottom:60px;\"><style type=\"text\/css\" scoped=\"scoped\">.fusion-content-boxes-1 .heading h2{color:#515151;}\n\t\t\t.fusion-content-boxes-1 .fusion-content-box-hover .link-area-link-icon-hover .heading h2,\n\t\t\t.fusion-content-boxes-1 .fusion-content-box-hover .link-area-link-icon-hover .heading .heading-link h2,\n\t\t\t.fusion-content-boxes-1 .fusion-content-box-hover .link-area-box-hover .heading h2,\n\t\t\t.fusion-content-boxes-1 .fusion-content-box-hover .link-area-box-hover .heading .heading-link h2,\n\t\t\t.fusion-content-boxes-1 .fusion-content-box-hover .link-area-link-icon-hover.link-area-box .fusion-read-more,\n\t\t\t.fusion-content-boxes-1 .fusion-content-box-hover .link-area-link-icon-hover.link-area-box .fusion-read-more::after,\n\t\t\t.fusion-content-boxes-1 .fusion-content-box-hover .link-area-link-icon-hover.link-area-box .fusion-read-more::before,\n\t\t\t.fusion-content-boxes-1 .fusion-content-box-hover .fusion-read-more:hover:after,\n\t\t\t.fusion-content-boxes-1 .fusion-content-box-hover .fusion-read-more:hover:before,\n\t\t\t.fusion-content-boxes-1 .fusion-content-box-hover .fusion-read-more:hover,\n\t\t\t.fusion-content-boxes-1 .fusion-content-box-hover .link-area-box-hover.link-area-box .fusion-read-more,\n\t\t\t.fusion-content-boxes-1 .fusion-content-box-hover .link-area-box-hover.link-area-box .fusion-read-more::after,\n\t\t\t.fusion-content-boxes-1 .fusion-content-box-hover .link-area-box-hover.link-area-box .fusion-read-more::before,\n\t\t\t.fusion-content-boxes-1 .fusion-content-box-hover .link-area-link-icon-hover .icon .circle-no,\n\t\t\t.fusion-content-boxes-1 .fusion-content-box-hover .link-area-box-hover .icon .circle-no {\n\t\t\t\tcolor: #aaaaaa !important;\n\t\t\t}\n\t\t\t.fusion-content-boxes-1 .fusion-content-box-hover .heading-link:hover .icon i.circle-yes,\n\t\t\t.fusion-content-boxes-1 .fusion-content-box-hover .link-area-box:hover .heading-link .icon i.circle-yes,\n\t\t\t.fusion-content-boxes-1 .fusion-content-box-hover .link-area-link-icon-hover .heading .icon i.circle-yes,\n\t\t\t.fusion-content-boxes-1 .fusion-content-box-hover .link-area-box-hover .heading .icon i.circle-yes {\n\t\t\t\tbackground-color: #aaaaaa !important;\n\t\t\t\tborder-color: #aaaaaa !important;\n\t\t\t}<\/style><div class=\"fusion-column content-box-column content-box-column content-box-column-1 col-lg-4 col-md-4 col-sm-4 fusion-content-box-hover  content-box-column-first-in-row\"><div class=\"col content-wrapper link-area-link-icon icon-hover-animation-fade fusion-animated\" style=\"background-color:rgba(255,255,255,0);\" data-animationType=\"fadeIn\" data-animationDuration=\"0.25\" data-animationOffset=\"100%\"><div class=\"heading heading-with-icon icon-left\"><div class=\"icon\" style=\"-webkit-animation-duration: 350ms;animation-duration: 350ms;\"><i style=\"border-color:#333333;border-width:0px;background-color:#4b758c;height:90px;width:90px;line-height:90px;border-radius:50%;color:#ffffff;font-size:45px;\" class=\"fa fontawesome-icon fa-smile-o circle-yes\"><\/i><\/div><h2 class=\"content-box-heading\" style=\"font-size:26px;line-height:31px;\">Satisfacci\u00f3n 100%<\/h2><\/div><div class=\"fusion-clearfix\"><\/div><div class=\"content-container\" style=\"color:#747474;\">\n<h3><span style=\"color: #000000;\">Estamos obsesionados con la satisfacci\u00f3n total de los destinatarios de nuestras fabricaciones.<\/span><\/h3>\n<\/div><div class=\"content-box-shortcode-timeline\" style=\"border-color:rgba(255,255,255,0);top:45px;-webkit-transition-duration: 350ms;animation-duration: 350ms;\"><\/div><\/div><\/div><div class=\"fusion-column content-box-column content-box-column content-box-column-2 col-lg-4 col-md-4 col-sm-4 fusion-content-box-hover \"><div class=\"col content-wrapper link-area-link-icon icon-hover-animation-fade fusion-animated\" style=\"background-color:rgba(255,255,255,0);\" data-animationType=\"fadeIn\" data-animationDuration=\"0.25\" data-animationOffset=\"100%\"><div class=\"heading heading-with-icon icon-left\"><div class=\"icon\" style=\"-webkit-animation-duration: 350ms;animation-duration: 350ms;\"><i style=\"border-color:#333333;border-width:0px;background-color:#4b758c;height:90px;width:90px;line-height:90px;border-radius:50%;color:#ffffff;font-size:45px;\" class=\"fa fontawesome-icon fa-certificate circle-yes fa-rotate-90\"><\/i><\/div><h2 class=\"content-box-heading\" style=\"font-size:26px;line-height:31px;\">Calidad Contrastada<\/h2><\/div><div class=\"fusion-clearfix\"><\/div><div class=\"content-container\" style=\"color:#747474;\">\n<h3><span style=\"color: #000000;\">Los materiales que utilizamos en la elaboraci\u00f3n de nuestras pr\u00f3tesis\u00a0cumplen los m\u00e1s estrictos est\u00e1ndares de calidad.<\/span><\/h3>\n<\/div><div class=\"content-box-shortcode-timeline\" style=\"border-color:rgba(255,255,255,0);top:45px;-webkit-transition-duration: 350ms;animation-duration: 350ms;\"><\/div><\/div><\/div><div class=\"fusion-column content-box-column content-box-column content-box-column-3 col-lg-4 col-md-4 col-sm-4 fusion-content-box-hover  content-box-column-last content-box-column-last-in-row\"><div class=\"col content-wrapper link-area-link-icon icon-hover-animation-fade fusion-animated\" style=\"background-color:rgba(255,255,255,0);\" data-animationType=\"fadeIn\" data-animationDuration=\"0.25\" data-animationOffset=\"100%\"><div class=\"heading heading-with-icon icon-left\"><div class=\"icon\" style=\"-webkit-animation-duration: 350ms;animation-duration: 350ms;\"><i style=\"border-color:#333333;border-width:0px;background-color:#4b758c;height:90px;width:90px;line-height:90px;border-radius:50%;color:#ffffff;font-size:45px;\" class=\"fa fontawesome-icon fa-star-o circle-yes\"><\/i><\/div><h2 class=\"content-box-heading\" style=\"font-size:26px;line-height:31px;\">Profesionales Top<\/h2><\/div><div class=\"fusion-clearfix\"><\/div><div class=\"content-container\" style=\"color:#747474;\">\n<h3><span style=\"color: #000000;\">Cada uno de nuestros\u00a0profesionales son titulados y \u00a0cuentan con una amplia experiencia.<\/span><\/h3>\n<\/div><div class=\"content-box-shortcode-timeline\" style=\"border-color:rgba(255,255,255,0);top:45px;-webkit-transition-duration: 350ms;animation-duration: 350ms;\"><\/div><\/div><\/div><div class=\"fusion-clearfix\"><\/div><div class=\"fusion-clearfix\"><\/div><\/div><div class=\"fusion-clearfix\"><\/div>\n\n\t\t\t<\/div>\n\t\t<\/div><div  class=\"fusion-layout-column fusion_builder_column fusion_builder_column_1_1  fusion-one-full fusion-column-first fusion-column-last 1_1\"  style='margin-top:0px;margin-bottom:0px;'>\n\t\t\t<div class=\"fusion-column-wrapper\" style=\"background-position:left top;background-repeat:no-repeat;-webkit-background-size:cover;-moz-background-size:cover;-o-background-size:cover;background-size:cover;\"  data-bg-url=\"\">\n\t\t\t\t<div class=\"fusion-title title fusion-title-size-one\" style=\"margin-top:0px;margin-bottom:31px;\"><h1 class=\"title-heading-left\"><\/h1><div class=\"title-sep-container\"><div class=\"title-sep sep-double\"><\/div><\/div><\/div><div class=\"fusion-clearfix\"><\/div>\n\n\t\t\t<\/div>\n\t\t<\/div><\/div><\/div><div  class=\"fusion-fullwidth fullwidth-box fusion-parallax-none nonhundred-percent-fullwidth\"  style='background-color: rgba(255,255,255,0);background-image: url(\"http:\/\/cadtekdental.com\/wp-content\/uploads\/2017\/02\/PROTESIS-ALARGADA.jpg\");background-position: center center;background-repeat: no-repeat;padding-top:160px;padding-right:0px;padding-bottom:160px;padding-left:0px;-webkit-background-size:cover;-moz-background-size:cover;-o-background-size:cover;background-size:cover;background-attachment:none;'><div class=\"fusion-builder-row fusion-row \"><div  class=\"fusion-layout-column fusion_builder_column fusion_builder_column_1_1  fusion-one-full fusion-column-first fusion-column-last 1_1\"  style='margin-top:0px;margin-bottom:0px;'>\n\t\t\t<div class=\"fusion-column-wrapper\" style=\"padding: 0px 0px 0px 0px;background-position:left top;background-repeat:no-repeat;-webkit-background-size:cover;-moz-background-size:cover;-o-background-size:cover;background-size:cover;\"  data-bg-url=\"\">\n\t\t\t\t<h1 style=\"text-align: center;\"><span style=\"color: #116e85;\">MIMO POR LOS DETALLES<\/span><\/h1>\n<div class=\"fusion-clearfix\"><\/div>\n\n\t\t\t<\/div>\n\t\t<\/div><\/div><\/div><div  class=\"fusion-fullwidth fullwidth-box hundred-percent-fullwidth\"  style='background-color: rgba(255,255,255,0);background-position: center center;background-repeat: no-repeat;padding-top:20px;padding-right:0px;padding-bottom:20px;padding-left:0px;'><div class=\"fusion-builder-row fusion-row \"><div  data-animationType=flashInLeft data-animationDuration=0.3 data-animationOffset=100% class=\"fusion-layout-column fusion_builder_column fusion_builder_column_1_1  fusion-one-full fusion-column-first fusion-column-last fusion-animated 1_1\"  style='margin-top:0px;margin-bottom:0px;'>\n\t\t\t<div class=\"fusion-column-wrapper\" style=\"background-position:left top;background-repeat:no-repeat;-webkit-background-size:cover;-moz-background-size:cover;-o-background-size:cover;background-size:cover;\"  data-bg-url=\"\">\n\t\t\t\t<div class=\"fusion-image-carousel fusion-image-carousel-auto fusion-carousel-border\"><div class=\"fusion-carousel\" data-autoplay=\"no\" data-columns=\"6\" data-itemmargin=\"13\" data-itemwidth=\"180\" data-touchscroll=\"no\" data-imagesize=\"auto\"><div class=\"fusion-carousel-positioner\"><ul class=\"fusion-carousel-holder\"><li class=\"fusion-carousel-item\"><div class=\"fusion-carousel-item-wrapper\"><div class=\"fusion-image-wrapper hover-type-zoomin\"><img width=\"1014\" height=\"585\" src=\"https:\/\/cadtekdental.com\/wp-content\/uploads\/2017\/02\/foto4.jpg\" class=\"attachment-full size-full\" alt=\"\" loading=\"lazy\" srcset=\"https:\/\/cadtekdental.com\/wp-content\/uploads\/2017\/02\/foto4-200x115.jpg 200w, https:\/\/cadtekdental.com\/wp-content\/uploads\/2017\/02\/foto4-300x173.jpg 300w, https:\/\/cadtekdental.com\/wp-content\/uploads\/2017\/02\/foto4-400x231.jpg 400w, https:\/\/cadtekdental.com\/wp-content\/uploads\/2017\/02\/foto4-600x346.jpg 600w, https:\/\/cadtekdental.com\/wp-content\/uploads\/2017\/02\/foto4-768x443.jpg 768w, https:\/\/cadtekdental.com\/wp-content\/uploads\/2017\/02\/foto4-800x462.jpg 800w, https:\/\/cadtekdental.com\/wp-content\/uploads\/2017\/02\/foto4.jpg 1014w\" sizes=\"(max-width: 1014px) 100vw, 1014px\" \/><\/div><\/div><\/li><li class=\"fusion-carousel-item\"><div class=\"fusion-carousel-item-wrapper\"><div class=\"fusion-image-wrapper hover-type-zoomin\"><img width=\"1014\" height=\"585\" src=\"https:\/\/cadtekdental.com\/wp-content\/uploads\/2017\/02\/foto2.jpg\" class=\"attachment-full size-full\" alt=\"\" loading=\"lazy\" srcset=\"https:\/\/cadtekdental.com\/wp-content\/uploads\/2017\/02\/foto2-200x115.jpg 200w, https:\/\/cadtekdental.com\/wp-content\/uploads\/2017\/02\/foto2-300x173.jpg 300w, https:\/\/cadtekdental.com\/wp-content\/uploads\/2017\/02\/foto2-400x231.jpg 400w, https:\/\/cadtekdental.com\/wp-content\/uploads\/2017\/02\/foto2-600x346.jpg 600w, https:\/\/cadtekdental.com\/wp-content\/uploads\/2017\/02\/foto2-768x443.jpg 768w, https:\/\/cadtekdental.com\/wp-content\/uploads\/2017\/02\/foto2-800x462.jpg 800w, https:\/\/cadtekdental.com\/wp-content\/uploads\/2017\/02\/foto2.jpg 1014w\" sizes=\"(max-width: 1014px) 100vw, 1014px\" \/><\/div><\/div><\/li><li class=\"fusion-carousel-item\"><div class=\"fusion-carousel-item-wrapper\"><div class=\"fusion-image-wrapper hover-type-zoomin\"><img width=\"1014\" height=\"585\" src=\"https:\/\/cadtekdental.com\/wp-content\/uploads\/2017\/02\/foto8.jpg\" class=\"attachment-full size-full\" alt=\"\" loading=\"lazy\" srcset=\"https:\/\/cadtekdental.com\/wp-content\/uploads\/2017\/02\/foto8-200x115.jpg 200w, https:\/\/cadtekdental.com\/wp-content\/uploads\/2017\/02\/foto8-300x173.jpg 300w, https:\/\/cadtekdental.com\/wp-content\/uploads\/2017\/02\/foto8-400x231.jpg 400w, https:\/\/cadtekdental.com\/wp-content\/uploads\/2017\/02\/foto8-600x346.jpg 600w, https:\/\/cadtekdental.com\/wp-content\/uploads\/2017\/02\/foto8-768x443.jpg 768w, https:\/\/cadtekdental.com\/wp-content\/uploads\/2017\/02\/foto8-800x462.jpg 800w, https:\/\/cadtekdental.com\/wp-content\/uploads\/2017\/02\/foto8.jpg 1014w\" sizes=\"(max-width: 1014px) 100vw, 1014px\" \/><\/div><\/div><\/li><li class=\"fusion-carousel-item\"><div class=\"fusion-carousel-item-wrapper\"><div class=\"fusion-image-wrapper hover-type-zoomin\"><img width=\"1014\" height=\"585\" src=\"https:\/\/cadtekdental.com\/wp-content\/uploads\/2017\/02\/foto5.jpg\" class=\"attachment-full size-full\" alt=\"\" loading=\"lazy\" srcset=\"https:\/\/cadtekdental.com\/wp-content\/uploads\/2017\/02\/foto5-200x115.jpg 200w, https:\/\/cadtekdental.com\/wp-content\/uploads\/2017\/02\/foto5-300x173.jpg 300w, https:\/\/cadtekdental.com\/wp-content\/uploads\/2017\/02\/foto5-400x231.jpg 400w, https:\/\/cadtekdental.com\/wp-content\/uploads\/2017\/02\/foto5-600x346.jpg 600w, https:\/\/cadtekdental.com\/wp-content\/uploads\/2017\/02\/foto5-768x443.jpg 768w, https:\/\/cadtekdental.com\/wp-content\/uploads\/2017\/02\/foto5-800x462.jpg 800w, https:\/\/cadtekdental.com\/wp-content\/uploads\/2017\/02\/foto5.jpg 1014w\" sizes=\"(max-width: 1014px) 100vw, 1014px\" \/><\/div><\/div><\/li><li class=\"fusion-carousel-item\"><div class=\"fusion-carousel-item-wrapper\"><div class=\"fusion-image-wrapper hover-type-zoomin\"><img width=\"425\" height=\"245\" src=\"https:\/\/cadtekdental.com\/wp-content\/uploads\/2017\/02\/FERULA.jpg\" class=\"attachment-full size-full\" alt=\"\" loading=\"lazy\" srcset=\"https:\/\/cadtekdental.com\/wp-content\/uploads\/2017\/02\/FERULA-200x115.jpg 200w, https:\/\/cadtekdental.com\/wp-content\/uploads\/2017\/02\/FERULA-300x173.jpg 300w, https:\/\/cadtekdental.com\/wp-content\/uploads\/2017\/02\/FERULA-400x231.jpg 400w, https:\/\/cadtekdental.com\/wp-content\/uploads\/2017\/02\/FERULA.jpg 425w\" sizes=\"(max-width: 425px) 100vw, 425px\" \/><\/div><\/div><\/li><li class=\"fusion-carousel-item\"><div class=\"fusion-carousel-item-wrapper\"><div class=\"fusion-image-wrapper hover-type-zoomin\"><img width=\"827\" height=\"433\" src=\"https:\/\/cadtekdental.com\/wp-content\/uploads\/2017\/02\/FOTO-CHICAS-CADTEK.jpg\" class=\"attachment-full size-full\" alt=\"\" loading=\"lazy\" srcset=\"https:\/\/cadtekdental.com\/wp-content\/uploads\/2017\/02\/FOTO-CHICAS-CADTEK-200x105.jpg 200w, https:\/\/cadtekdental.com\/wp-content\/uploads\/2017\/02\/FOTO-CHICAS-CADTEK-300x157.jpg 300w, https:\/\/cadtekdental.com\/wp-content\/uploads\/2017\/02\/FOTO-CHICAS-CADTEK-400x209.jpg 400w, https:\/\/cadtekdental.com\/wp-content\/uploads\/2017\/02\/FOTO-CHICAS-CADTEK-600x314.jpg 600w, https:\/\/cadtekdental.com\/wp-content\/uploads\/2017\/02\/FOTO-CHICAS-CADTEK-768x402.jpg 768w, https:\/\/cadtekdental.com\/wp-content\/uploads\/2017\/02\/FOTO-CHICAS-CADTEK-800x419.jpg 800w, https:\/\/cadtekdental.com\/wp-content\/uploads\/2017\/02\/FOTO-CHICAS-CADTEK.jpg 827w\" sizes=\"(max-width: 827px) 100vw, 827px\" \/><\/div><\/div><\/li><li class=\"fusion-carousel-item\"><div class=\"fusion-carousel-item-wrapper\"><div class=\"fusion-image-wrapper hover-type-zoomin\"><img width=\"1014\" height=\"585\" src=\"https:\/\/cadtekdental.com\/wp-content\/uploads\/2017\/02\/IMPRESORA.jpg\" class=\"attachment-full size-full\" alt=\"\" loading=\"lazy\" srcset=\"https:\/\/cadtekdental.com\/wp-content\/uploads\/2017\/02\/IMPRESORA-200x115.jpg 200w, https:\/\/cadtekdental.com\/wp-content\/uploads\/2017\/02\/IMPRESORA-300x173.jpg 300w, https:\/\/cadtekdental.com\/wp-content\/uploads\/2017\/02\/IMPRESORA-400x231.jpg 400w, https:\/\/cadtekdental.com\/wp-content\/uploads\/2017\/02\/IMPRESORA-600x346.jpg 600w, https:\/\/cadtekdental.com\/wp-content\/uploads\/2017\/02\/IMPRESORA-768x443.jpg 768w, https:\/\/cadtekdental.com\/wp-content\/uploads\/2017\/02\/IMPRESORA-800x462.jpg 800w, https:\/\/cadtekdental.com\/wp-content\/uploads\/2017\/02\/IMPRESORA.jpg 1014w\" sizes=\"(max-width: 1014px) 100vw, 1014px\" \/><\/div><\/div><\/li><li class=\"fusion-carousel-item\"><div class=\"fusion-carousel-item-wrapper\"><div class=\"fusion-image-wrapper hover-type-zoomin\"><img width=\"1000\" height=\"577\" src=\"https:\/\/cadtekdental.com\/wp-content\/uploads\/2017\/02\/CADCAM.jpg\" class=\"attachment-full size-full\" alt=\"\" loading=\"lazy\" srcset=\"https:\/\/cadtekdental.com\/wp-content\/uploads\/2017\/02\/CADCAM-200x115.jpg 200w, https:\/\/cadtekdental.com\/wp-content\/uploads\/2017\/02\/CADCAM-300x173.jpg 300w, https:\/\/cadtekdental.com\/wp-content\/uploads\/2017\/02\/CADCAM-400x231.jpg 400w, https:\/\/cadtekdental.com\/wp-content\/uploads\/2017\/02\/CADCAM-600x346.jpg 600w, https:\/\/cadtekdental.com\/wp-content\/uploads\/2017\/02\/CADCAM-768x443.jpg 768w, https:\/\/cadtekdental.com\/wp-content\/uploads\/2017\/02\/CADCAM-800x462.jpg 800w, https:\/\/cadtekdental.com\/wp-content\/uploads\/2017\/02\/CADCAM.jpg 1000w\" sizes=\"(max-width: 1000px) 100vw, 1000px\" \/><\/div><\/div><\/li><\/ul><div class=\"fusion-carousel-nav\"><span class=\"fusion-nav-prev\"><\/span><span class=\"fusion-nav-next\"><\/span><\/div><\/div><\/div><\/div><div class=\"fusion-clearfix\"><\/div>\n\n\t\t\t<\/div>\n\t\t<\/div><\/div><\/div><\/p>\n","protected":false},"excerpt":{"rendered":"","protected":false},"author":2,"featured_media":0,"parent":0,"menu_order":0,"comment_status":"closed","ping_status":"closed","template":"100-width.php","meta":[],"_links":{"self":[{"href":"https:\/\/cadtekdental.com\/index.php?rest_route=\/wp\/v2\/pages\/19"}],"collection":[{"href":"https:\/\/cadtekdental.com\/index.php?rest_route=\/wp\/v2\/pages"}],"about":[{"href":"https:\/\/cadtekdental.com\/index.php?rest_route=\/wp\/v2\/types\/page"}],"author":[{"embeddable":true,"href":"https:\/\/cadtekdental.com\/index.php?rest_route=\/wp\/v2\/users\/2"}],"replies":[{"embeddable":true,"href":"https:\/\/cadtekdental.com\/index.php?rest_route=%2Fwp%2Fv2%2Fcomments&post=19"}],"version-history":[{"count":62,"href":"https:\/\/cadtekdental.com\/index.php?rest_route=\/wp\/v2\/pages\/19\/revisions"}],"predecessor-version":[{"id":617,"href":"https:\/\/cadtekdental.com\/index.php?rest_route=\/wp\/v2\/pages\/19\/revisions\/617"}],"wp:attachment":[{"href":"https:\/\/cadtekdental.com\/index.php?rest_route=%2Fwp%2Fv2%2Fmedia&parent=19"}],"curies":[{"name":"wp","href":"https:\/\/api.w.org\/{rel}","templated":true}]}}