{"id":502,"date":"2017-02-14T15:02:07","date_gmt":"2017-02-14T15:02:07","guid":{"rendered":"http:\/\/cadtekdental.com\/?page_id=502"},"modified":"2017-02-14T15:26:55","modified_gmt":"2017-02-14T15:26:55","slug":"cookie-policy","status":"publish","type":"page","link":"https:\/\/cadtekdental.com\/?page_id=502","title":{"rendered":"Pol\u00edtica de cookies"},"content":{"rendered":"<div  class=\"fusion-fullwidth fullwidth-box nonhundred-percent-fullwidth\"  style='background-color: rgba(255,255,255,0);background-position: center center;background-repeat: no-repeat;padding-top:0px;padding-right:0px;padding-bottom:0px;padding-left:0px;'><div class=\"fusion-builder-row fusion-row \"><div  class=\"fusion-layout-column fusion_builder_column fusion_builder_column_1_1  fusion-one-full fusion-column-first fusion-column-last 1_1\"  style='margin-top:0px;margin-bottom:0px;'>\n\t\t\t<div class=\"fusion-column-wrapper\" style=\"background-position:left top;background-repeat:no-repeat;-webkit-background-size:cover;-moz-background-size:cover;-o-background-size:cover;background-size:cover;\"  data-bg-url=\"\">\n\t\t\t\t<div class=\"fusion-title title fusion-title-center fusion-title-size-one\" style=\"margin-top:0px;margin-bottom:31px;\"><div class=\"title-sep-container title-sep-container-left\"><div class=\"title-sep sep-single sep-solid\"><\/div><\/div><h1 class=\"title-heading-center\">POL\u00cdTICA DE COOKIES<\/h1><div class=\"title-sep-container title-sep-container-right\"><div class=\"title-sep sep-single sep-solid\"><\/div><\/div><\/div><p>En la p\u00e1gina web de <b>CADTEK Laboratorio Dental<\/b>\u00a0utilizamos cookies propias y de terceros para mejorar nuestros servicios y mostrar al Usuario una mejor experiencia y\u00a0relaci\u00f3n\u00a0con sus preferencias mediante el an\u00e1lisis de sus h\u00e1bitos de navegaci\u00f3n. Si contin\u00faa navegando, consideramos que acepta su uso.<\/p>\n<p>En cualquier caso, puede ejercer el derecho a bloquear, eliminar y rechazar el uso de cookies en todo momento. A continuaci\u00f3n explicamos\u00a0<strong>qu\u00e9 es una cookie, qu\u00e9 cookies usamos en <b>CADTEK Laboratorio Dental<\/b> y c\u00f3mo puede modificar su configuraci\u00f3n.<\/strong><\/p>\n<h3 class=\"heading-xs\">\u00bfQu\u00e9 son las cookies?<\/h3>\n<p>Una cookie es un fichero que se descarga en el ordenador\/smartphone\/tablet del usuario al acceder a determinadas p\u00e1ginas web para almacenar y recuperar informaci\u00f3n sobre la navegaci\u00f3n que se efect\u00faa desde dicho equipo.<\/p>\n<p>En <b>CADTEK Laboratorio Dental<\/b>\u00a0utilizamos las cookies propias y de terceros que se detallan a continuaci\u00f3n:<\/p>\n<ul>\n<li><strong>Cookies estrictamente necesarias para la prestaci\u00f3n de determinados servicios solicitados expresamente por el usuario:<\/strong> Sin estas cookies, el usuario no tendr\u00eda una experiencia de navegaci\u00f3n tan adecuada. Se trata por ejemplo de la informaci\u00f3n de sesi\u00f3n, etc.<\/li>\n<li><strong>Cookies anal\u00edticas:<\/strong> Son necesarias para el seguimiento y an\u00e1lisis estad\u00edstico del comportamiento del conjunto de los usuarios. Para esto, empleamos cookies de terceros: <strong>Google Analytics<\/strong> (Nos permite conocer informaci\u00f3n sobre el n\u00famero de visitas, p\u00e1ginas o secciones visitadas, tiempo de navegaci\u00f3n, sitios visitados antes de entrar en esta p\u00e1gina, detalles sobre los navegadores usados, etc. El objetivo es poder desarrollar informes estad\u00edsticos sobre el tr\u00e1fico del sitio web, la audiencia total y la audiencia en una determinada campa\u00f1a publicitaria)<\/li>\n<\/ul>\n<h3 class=\"heading-xs\">\u00bfC\u00f3mo pueden desactivarse?<\/h3>\n<p>Puede elegir qu\u00e9 cookies quiere que funcionen en este sitio web mediante la configuraci\u00f3n de su <strong>navegador.<\/strong> A continuaci\u00f3n le idicamos c\u00f3mo hacerlo en los siguientes navegadores:<\/p>\n<ul>\n<li><a href=\"https:\/\/support.google.com\/chrome\/answer\/95647?hl=es\" target=\"_blank\"><strong>Deshabilitar cookies en Google Chrome<\/strong><\/a><\/li>\n<li><a href=\"http:\/\/windows.microsoft.com\/es-es\/windows-vista\/block-or-allow-cookies\" target=\"_blank\"><strong>Deshabilitar cookies en Internet Explorer 7 y 8<\/strong><\/a> o en <strong><a href=\"http:\/\/windows.microsoft.com\/es-es\/windows7\/how-to-manage-cookies-in-internet-explorer-9\" target=\"_blank\">Internet Explorer 9<\/a><\/strong><\/li>\n<li><a href=\"http:\/\/support.mozilla.org\/es\/kb\/habilitar-y-deshabilitar-cookies-que-los-sitios-we\" target=\"_blank\"><strong>Deshabilitar cookies en Firefox<\/strong><\/a><\/li>\n<li><a href=\"http:\/\/support.apple.com\/kb\/HT1677?viewlocale=es_ES\" target=\"_blank\"><strong>Deshabilitar cookies en Safari<\/strong><\/a><\/li>\n<\/ul>\n<p>En <b>CADTEK Laboratorio Dental<\/b><strong>\u00a0<\/strong>no nos hacemos responsables del contenido y veracidad de las pol\u00edticas de privacidad de los terceros incluidas en esta pol\u00edtica de cookies.<\/p>\n<p><strong>Si tiene dudas sobre esta pol\u00edtica de cookies, puede contactar con <b>CADTEK Laboratorio Dental<\/b> en privacidad[at]cadtekdental.com<\/strong><\/p>\n<div class=\"fusion-clearfix\"><\/div>\n\n\t\t\t<\/div>\n\t\t<\/div><\/div><\/div>\n","protected":false},"excerpt":{"rendered":"","protected":false},"author":1,"featured_media":0,"parent":0,"menu_order":0,"comment_status":"closed","ping_status":"closed","template":"blank.php","meta":[],"_links":{"self":[{"href":"https:\/\/cadtekdental.com\/index.php?rest_route=\/wp\/v2\/pages\/502"}],"collection":[{"href":"https:\/\/cadtekdental.com\/index.php?rest_route=\/wp\/v2\/pages"}],"about":[{"href":"https:\/\/cadtekdental.com\/index.php?rest_route=\/wp\/v2\/types\/page"}],"author":[{"embeddable":true,"href":"https:\/\/cadtekdental.com\/index.php?rest_route=\/wp\/v2\/users\/1"}],"replies":[{"embeddable":true,"href":"https:\/\/cadtekdental.com\/index.php?rest_route=%2Fwp%2Fv2%2Fcomments&post=502"}],"version-history":[{"count":3,"href":"https:\/\/cadtekdental.com\/index.php?rest_route=\/wp\/v2\/pages\/502\/revisions"}],"predecessor-version":[{"id":508,"href":"https:\/\/cadtekdental.com\/index.php?rest_route=\/wp\/v2\/pages\/502\/revisions\/508"}],"wp:attachment":[{"href":"https:\/\/cadtekdental.com\/index.php?rest_route=%2Fwp%2Fv2%2Fmedia&parent=502"}],"curies":[{"name":"wp","href":"https:\/\/api.w.org\/{rel}","templated":true}]}}