{"id":514,"date":"2017-02-16T09:41:20","date_gmt":"2017-02-16T09:41:20","guid":{"rendered":"http:\/\/cadtekdental.com\/?page_id=514"},"modified":"2017-02-23T09:28:09","modified_gmt":"2017-02-23T09:28:09","slug":"cadcam-dental","status":"publish","type":"page","link":"https:\/\/cadtekdental.com\/?page_id=514","title":{"rendered":"Cad\/Cam dental"},"content":{"rendered":"<p><div  class=\"fusion-fullwidth fullwidth-box nonhundred-percent-fullwidth\"  style='background-color: rgba(255,255,255,0);background-position: center center;background-repeat: no-repeat;padding-top:10px;padding-right:0px;padding-bottom:10px;padding-left:0px;'><div class=\"fusion-builder-row fusion-row \"><div id=\"ancla_nuestroequipo\" class=\"fusion-layout-column fusion_builder_column fusion_builder_column_1_1  fusion-one-full fusion-column-first fusion-column-last 1_1\"  style='margin-top:0px;margin-bottom:0px;'>\n\t\t\t<div class=\"fusion-column-wrapper\" style=\"padding: 10px 0px 0px 0px;background-position:left top;background-repeat:no-repeat;-webkit-background-size:cover;-moz-background-size:cover;-o-background-size:cover;background-size:cover;\"  data-bg-url=\"\">\n\t\t\t\t<div class=\"fusion-title title fusion-title-center fusion-title-size-one\" style=\"margin-top:0px;margin-bottom:31px;\"><div class=\"title-sep-container title-sep-container-left\"><div class=\"title-sep sep-single sep-solid\" style=\"border-color:#000000;\"><\/div><\/div><h1 class=\"title-heading-center\">CAD\/CAM DENTAL<\/h1><div class=\"title-sep-container title-sep-container-right\"><div class=\"title-sep sep-single sep-solid\" style=\"border-color:#000000;\"><\/div><\/div><\/div><h2 style=\"text-align: center;\"><span style=\"color: #0d5d73;\">TECNOLOG\u00cdA DIGITAL M\u00c1S INNOVADORA.<\/span><\/h2>\n<h2 style=\"text-align: center;\"><span style=\"color: #0d5d73;\">Alta calidad y precisi\u00f3n en nuestras restauraciones,<\/span> <span style=\"color: #808080;\">ya que emplea el ordenador no solo para dise\u00f1ar, sino tambi\u00e9n para fabricar las pr\u00f3tesis dentales.<\/span><\/h2>\n<div class=\"fusion-clearfix\"><\/div>\n\n\t\t\t<\/div>\n\t\t<\/div><div  class=\"fusion-layout-column fusion_builder_column fusion_builder_column_2_5  fusion-two-fifth fusion-column-first 2_5\"  style='margin-top:0px;margin-bottom:0px;width:40%;width:calc(40% - ( ( 4% ) * 0.4 ) );margin-right: 4%;'>\n\t\t\t<div class=\"fusion-column-wrapper\" style=\"background-image: url('http:\/\/cadtekdental.com\/wp-content\/uploads\/2017\/02\/faldon-cadcam.jpg');background-position:left top;background-repeat:no-repeat;-webkit-background-size:cover;-moz-background-size:cover;-o-background-size:cover;background-size:cover;\"  data-bg-url=\"http:\/\/cadtekdental.com\/wp-content\/uploads\/2017\/02\/faldon-cadcam.jpg\">\n\t\t\t\t<div class=\"fusion-clearfix\"><\/div>\n\n\t\t\t<\/div>\n\t\t<\/div><div  class=\"fusion-layout-column fusion_builder_column fusion_builder_column_3_5  fusion-three-fifth fusion-column-last 3_5\"  style='margin-top:0px;margin-bottom:0px;width:60%;width:calc(60% - ( ( 4% ) * 0.6 ) );'>\n\t\t\t<div class=\"fusion-column-wrapper\" style=\"padding: 0px 0px 0px 10px;background-position:left top;background-repeat:no-repeat;-webkit-background-size:cover;-moz-background-size:cover;-o-background-size:cover;background-size:cover;\"  data-bg-url=\"\">\n\t\t\t\t<h3 style=\"text-align: left;\"><span style=\"color: #000000;\">El C<strong>ad\/Cam dental<\/strong> es un sistema tecnol\u00f3gico que permite el dise\u00f1o y la elaboraci\u00f3n de pr\u00f3tesis dentales por ordenador. Mediante esta tecnolog\u00eda digital estamos en condiciones de dise\u00f1ar y fabricar rehabilitaciones odontol\u00f3gicas extremadamente precisas y de la m\u00e1s alta calidad. Estas caracter\u00edsticas nos permiten recudir enormemente el margen de error humano para conseguir porcentajes de \u00e9xito todav\u00eda m\u00e1s altos en los tratamientos que requieren piezas artificiales.<\/span><\/h3>\n<div class=\"fusion-clearfix\"><\/div>\n\n\t\t\t<\/div>\n\t\t<\/div><div  class=\"fusion-layout-column fusion_builder_column fusion_builder_column_1_1  fusion-one-full fusion-column-first fusion-column-last 1_1\"  style='margin-top:0px;margin-bottom:0px;'>\n\t\t\t<div class=\"fusion-column-wrapper\" style=\"background-position:left top;background-repeat:no-repeat;-webkit-background-size:cover;-moz-background-size:cover;-o-background-size:cover;background-size:cover;\"  data-bg-url=\"\">\n\t\t\t\t<h3 style=\"text-align: center;\"><span style=\"color: #808080;\">En Cadtek Laborario Dental\u00a0<strong>empleamos la tecnolog\u00eda cad cam<\/strong> para fabricar carillas de porcelana, pr\u00f3tesis dentales, pr\u00f3tesis sobre implantes y otros tratamientos restauradores. Esta fabricaci\u00f3n se realiza a partir de una reproducci\u00f3n digital tridimensional de la boca, logrando as\u00ed un mejor ajuste de las rehabilitaciones prot\u00e9sicas.<\/span><\/h3>\n<h3 style=\"text-align: center;\"><span style=\"color: #808080;\">Adem\u00e1s, el sistema cad cam nos aporta otras muchas ventajas: reducci\u00f3n del n\u00famero y de los tiempos quir\u00fargicos, cirug\u00edas sin incisi\u00f3n, mayor exactitud quir\u00fargica, menos inflamaci\u00f3n y nos permite tener los dientes hechos sobre los futuros implantes incluso antes de la intervenci\u00f3n.<\/span><\/h3>\n<h3 style=\"text-align: center;\"><span style=\"color: #808080;\">Esta\u00a0t\u00e9cnica \u00a0innovadora disponible en pr\u00f3tesis fijas y supone un adelanto muy importante con relaci\u00f3n a la odontolog\u00eda convencional.<\/span><\/h3>\n<h3 style=\"text-align: center;\"><span style=\"color: #808080;\">Con esta tecnolog\u00eda digital\u00a0\u00a0los modelos de la boca del paciente son escaneados y las restauraciones procesadas y fabricadas mediante una mecanizaci\u00f3n asistida por ordenador. Esto nos aporta una gran precisi\u00f3n en el diagn\u00f3stico y la preparaci\u00f3n, adem\u00e1s de permitirnos simular la cirug\u00eda que vamos a utilizar en la zona seleccionada.<\/span><\/h3>\n<h2 style=\"text-align: center;\">En la actualidad, la tecnolog\u00eda del <span style=\"color: #135c70;\">Cad\/Cam dental<\/span> <span style=\"color: #135c70;\">representa el estado del arte en odontolog\u00eda restauradora<\/span> y permite a nuestro laboratorio dental\u00a0brindar a sus pacientes tratamientos odontol\u00f3gicos rehabilitadores mediante un proceso altamente preciso, estandarizado y personalizado.<\/h2>\n<div class=\"fusion-clearfix\"><\/div>\n\n\t\t\t<\/div>\n\t\t<\/div><\/div><\/div><div  class=\"fusion-fullwidth fullwidth-box nonhundred-percent-fullwidth\"  style='background-color: rgba(255,255,255,0);background-position: center center;background-repeat: no-repeat;padding-top:10px;padding-right:0px;padding-bottom:10px;padding-left:0px;'><div class=\"fusion-builder-row fusion-row \"><div id=\"ancla_nuestroequipo\" class=\"fusion-layout-column fusion_builder_column fusion_builder_column_1_1  fusion-one-full fusion-column-first fusion-column-last 1_1\"  style='margin-top:0px;margin-bottom:0px;'>\n\t\t\t<div class=\"fusion-column-wrapper\" style=\"padding: 10px 0px 0px 0px;background-position:left top;background-repeat:no-repeat;-webkit-background-size:cover;-moz-background-size:cover;-o-background-size:cover;background-size:cover;\"  data-bg-url=\"\">\n\t\t\t\t<div class=\"fusion-title title fusion-title-center fusion-title-size-one\" style=\"margin-top:0px;margin-bottom:31px;\"><div class=\"title-sep-container title-sep-container-left\"><div class=\"title-sep sep-single sep-solid\" style=\"border-color:#000000;\"><\/div><\/div><h1 class=\"title-heading-center\">COMO TRABAJAMOS<\/h1><div class=\"title-sep-container title-sep-container-right\"><div class=\"title-sep sep-single sep-solid\" style=\"border-color:#000000;\"><\/div><\/div><\/div><h2 style=\"text-align: center;\"><span style=\"color: #1d6e82;\"><span style=\"color: #808080;\">LA TECNOLOG\u00cdA CAD\/CAM DENTAL ES<\/span> UNA DE LAS T\u00c9CNICAS M\u00c1S INNOVADORAS <span style=\"color: #808080;\">EN EL \u00c1MBITO DE LAS RESTAURACIONES Y PROTESIS FIJAS.<\/span><\/span><\/h2>\n<div class=\"fusion-clearfix\"><\/div>\n\n\t\t\t<\/div>\n\t\t<\/div><div  class=\"fusion-layout-column fusion_builder_column fusion_builder_column_1_1  fusion-one-full fusion-column-first fusion-column-last 1_1\"  style='margin-top:0px;margin-bottom:0px;'>\n\t\t\t<div class=\"fusion-column-wrapper\" style=\"background-position:left top;background-repeat:no-repeat;-webkit-background-size:cover;-moz-background-size:cover;-o-background-size:cover;background-size:cover;\"  data-bg-url=\"\">\n\t\t\t\t<h3 style=\"text-align: left;\">Esta tecnolog\u00eda realiza un replica digital exacta de la boca del paciente mediante un <strong>esc\u00e1ner dental<\/strong>, a partir de ah\u00ed desarrolla la restauraci\u00f3n necesaria, evitando problemas a la hora de realizar el tratamiento.<\/h3>\n<h3 style=\"text-align: left;\"><span style=\"color: #000000;\">El proceso de utilizaci\u00f3n de\u00a0<strong>Cad Cam dental<\/strong>\u00a0en nuestro laboratorio consta de 3 fases:<\/span><\/h3>\n<ol>\n<li style=\"text-align: left;\">\n<h3><span style=\"color: #000000;\">Escaneo digital de la boca para poder obtener la medida exacta de la\u00a0<strong>pieza dental<\/strong>.<\/span><\/h3>\n<\/li>\n<li style=\"text-align: left;\">\n<h3><span style=\"color: #000000;\"><strong>Cad Cam<\/strong> dise\u00f1a la pr\u00f3tesis est\u00e9tica mediante un software tridimensional que permite calcular los ejes de inserci\u00f3n, traza una l\u00ednea en el margen cervical.<\/span><\/h3>\n<\/li>\n<li style=\"text-align: left;\">\n<h3><span style=\"color: #000000;\">Realizaci\u00f3n del<strong>\u00a0fresado o fabricado de la pieza dental<\/strong>\u00a0 a partir de la informaci\u00f3n que nos da el esc\u00e1ner dental.<\/span><\/h3>\n<\/li>\n<\/ol>\n<div class=\"fusion-clearfix\"><\/div>\n\n\t\t\t<\/div>\n\t\t<\/div><div  class=\"fusion-layout-column fusion_builder_column fusion_builder_column_1_1  fusion-one-full fusion-column-first fusion-column-last 1_1\"  style='margin-top:0px;margin-bottom:0px;'>\n\t\t\t<div class=\"fusion-column-wrapper\" style=\"background-image: url('http:\/\/cadtekdental.com\/wp-content\/uploads\/2017\/02\/pasos.jpg');background-position:left top;background-repeat:no-repeat;-webkit-background-size:cover;-moz-background-size:cover;-o-background-size:cover;background-size:cover;\"  data-bg-url=\"http:\/\/cadtekdental.com\/wp-content\/uploads\/2017\/02\/pasos.jpg\">\n\t\t\t\t<div class=\"fusion-clearfix\"><\/div>\n\n\t\t\t<\/div>\n\t\t<\/div><\/div><\/div><div  class=\"fusion-fullwidth fullwidth-box nonhundred-percent-fullwidth\"  style='background-color: rgba(237,237,237,0.64);background-position: center center;background-repeat: no-repeat;padding-top:10px;padding-right:0px;padding-bottom:10px;padding-left:0px;'><div class=\"fusion-builder-row fusion-row \"><div id=\"ancla_nuestroequipo\" class=\"fusion-layout-column fusion_builder_column fusion_builder_column_1_1  fusion-one-full fusion-column-first fusion-column-last 1_1\"  style='margin-top:0px;margin-bottom:0px;'>\n\t\t\t<div class=\"fusion-column-wrapper\" style=\"padding: 10px 0px 0px 0px;background-position:left top;background-repeat:no-repeat;-webkit-background-size:cover;-moz-background-size:cover;-o-background-size:cover;background-size:cover;\"  data-bg-url=\"\">\n\t\t\t\t<div class=\"fusion-title title fusion-title-center fusion-title-size-one\" style=\"margin-top:0px;margin-bottom:31px;\"><div class=\"title-sep-container title-sep-container-left\"><div class=\"title-sep sep-single sep-solid\" style=\"border-color:#000000;\"><\/div><\/div><h1 class=\"title-heading-center\">VENTAJAS A PARTIR DEL CAD\/CAM DENTAL<\/h1><div class=\"title-sep-container title-sep-container-right\"><div class=\"title-sep sep-single sep-solid\" style=\"border-color:#000000;\"><\/div><\/div><\/div><h3><span style=\"color: #808080;\">Sabemos actualmente que las pr\u00f3tesis dentales fabricadas con\u00a0<strong>Cad Cam dental<\/strong> presentan ciertas ventajas gracias al procedimiento automatizado de dise\u00f1o y fresado, las principales ventajas son las siguientes:<\/span><\/h3>\n<ul>\n<li>\n<h3><span style=\"color: #808080;\"><span style=\"color: #000000;\"><strong>Alta est\u00e9tica dental<\/strong><\/span> debido al material que se utiliza para fabricar las pr\u00f3tesis.<\/span><\/h3>\n<\/li>\n<li>\n<h3><span style=\"color: #808080;\"><span style=\"color: #000000;\"><strong>Precisi\u00f3n en la adaptaci\u00f3n<\/strong> <\/span>de la pieza dental, con un sellado marginal exacto, lo que garantiza su desempe\u00f1o a largo plazo.<\/span><\/h3>\n<\/li>\n<li>\n<h3><span style=\"color: #808080;\"><span style=\"color: #000000;\"><strong>Rapidez<\/strong> en la fabricaci\u00f3n<\/span> debido a que es robotizado y simplifica los pasos en el laboratorio.<\/span><\/h3>\n<\/li>\n<li>\n<h3><span style=\"color: #808080;\"><span style=\"color: #000000;\"><strong>Mayor planificaci\u00f3n de el tratamiento<\/strong><\/span> que se le va a realizar al paciente, ya que el cl\u00ednico sabe exactamente d\u00f3nde y c\u00f3mo colocar cierta pr\u00f3tesis, implante, carillas dentales, etc&#8230;<\/span><\/h3>\n<\/li>\n<\/ul>\n<div class=\"fusion-clearfix\"><\/div>\n\n\t\t\t<\/div>\n\t\t<\/div><\/div><\/div><div  class=\"fusion-fullwidth fullwidth-box nonhundred-percent-fullwidth\"  style='background-color: rgba(255,255,255,0);background-position: center center;background-repeat: no-repeat;padding-top:20px;padding-right:0px;padding-bottom:20px;padding-left:0px;'><div class=\"fusion-builder-row fusion-row \"><\/div><\/div><div  class=\"fusion-fullwidth fullwidth-box nonhundred-percent-fullwidth\"  style='background-color: rgba(255,255,255,0);background-position: center center;background-repeat: no-repeat;padding-top:20px;padding-right:0px;padding-bottom:20px;padding-left:0px;'><div class=\"fusion-builder-row fusion-row \"><div id=\"ancla_inversion\" class=\"fusion-layout-column fusion_builder_column fusion_builder_column_1_1  fusion-one-full fusion-column-first fusion-column-last 1_1\"  style='margin-top:0px;margin-bottom:0px;'>\n\t\t\t<div class=\"fusion-column-wrapper\" style=\"background-position:left top;background-repeat:no-repeat;-webkit-background-size:cover;-moz-background-size:cover;-o-background-size:cover;background-size:cover;\"  data-bg-url=\"\">\n\t\t\t\t<div class=\"fusion-title title fusion-title-center fusion-title-size-one\" style=\"margin-top:0px;margin-bottom:31px;\"><div class=\"title-sep-container title-sep-container-left\"><div class=\"title-sep sep-single sep-solid\" style=\"border-color:#000000;\"><\/div><\/div><h1 class=\"title-heading-center\">INVERSI\u00d3N EN I+D<\/h1><div class=\"title-sep-container title-sep-container-right\"><div class=\"title-sep sep-single sep-solid\" style=\"border-color:#000000;\"><\/div><\/div><\/div><div class=\"fusion-clearfix\"><\/div>\n\n\t\t\t<\/div>\n\t\t<\/div><div  class=\"fusion-layout-column fusion_builder_column fusion_builder_column_1_1  fusion-one-full fusion-column-first fusion-column-last 1_1\"  style='margin-top:0px;margin-bottom:0px;'>\n\t\t\t<div class=\"fusion-column-wrapper\" style=\"background-position:left top;background-repeat:no-repeat;-webkit-background-size:cover;-moz-background-size:cover;-o-background-size:cover;background-size:cover;\"  data-bg-url=\"\">\n\t\t\t\t<div id=\"visualizer-151-1472694785\" class=\"visualizer-front  visualizer-front-151\"><\/div><div class=\"fusion-clearfix\"><\/div>\n\n\t\t\t<\/div>\n\t\t<\/div><div  class=\"fusion-layout-column fusion_builder_column fusion_builder_column_1_1  fusion-one-full fusion-column-first fusion-column-last 1_1\"  style='margin-top:0px;margin-bottom:0px;'>\n\t\t\t<div class=\"fusion-column-wrapper\" style=\"background-position:left top;background-repeat:no-repeat;-webkit-background-size:cover;-moz-background-size:cover;-o-background-size:cover;background-size:cover;\"  data-bg-url=\"\">\n\t\t\t\t<div class=\"fusion-title title fusion-title-size-one\" style=\"margin-top:0px;margin-bottom:31px;\"><h1 class=\"title-heading-left\"><\/h1><div class=\"title-sep-container\"><div class=\"title-sep sep-double\" style=\"border-color:#000000;\"><\/div><\/div><\/div><div class=\"fusion-clearfix\"><\/div>\n\n\t\t\t<\/div>\n\t\t<\/div><\/div><\/div><\/p>\n","protected":false},"excerpt":{"rendered":"","protected":false},"author":2,"featured_media":0,"parent":0,"menu_order":0,"comment_status":"closed","ping_status":"closed","template":"100-width.php","meta":[],"_links":{"self":[{"href":"https:\/\/cadtekdental.com\/index.php?rest_route=\/wp\/v2\/pages\/514"}],"collection":[{"href":"https:\/\/cadtekdental.com\/index.php?rest_route=\/wp\/v2\/pages"}],"about":[{"href":"https:\/\/cadtekdental.com\/index.php?rest_route=\/wp\/v2\/types\/page"}],"author":[{"embeddable":true,"href":"https:\/\/cadtekdental.com\/index.php?rest_route=\/wp\/v2\/users\/2"}],"replies":[{"embeddable":true,"href":"https:\/\/cadtekdental.com\/index.php?rest_route=%2Fwp%2Fv2%2Fcomments&post=514"}],"version-history":[{"count":53,"href":"https:\/\/cadtekdental.com\/index.php?rest_route=\/wp\/v2\/pages\/514\/revisions"}],"predecessor-version":[{"id":562,"href":"https:\/\/cadtekdental.com\/index.php?rest_route=\/wp\/v2\/pages\/514\/revisions\/562"}],"wp:attachment":[{"href":"https:\/\/cadtekdental.com\/index.php?rest_route=%2Fwp%2Fv2%2Fmedia&parent=514"}],"curies":[{"name":"wp","href":"https:\/\/api.w.org\/{rel}","templated":true}]}}